{"id":859,"date":"2022-10-01T09:47:13","date_gmt":"2022-10-01T07:47:13","guid":{"rendered":"http:\/\/dev.theblockchain-group.fr\/?page_id=859"},"modified":"2023-05-10T10:36:40","modified_gmt":"2023-05-10T08:36:40","slug":"jobs","status":"publish","type":"page","link":"https:\/\/dev.theblockchain-group.fr\/fr\/carrieres\/jobs\/","title":{"rendered":"Nos opportunit\u00e9s"},"content":{"rendered":"<h3>D\u00e9couvrez toutes les opportunit\u00e9s de carri\u00e8re chez The Blockchain Group.<\/h3>\n","protected":false},"excerpt":{"rendered":"<p>D\u00e9couvrez toutes les opportunit\u00e9s de carri\u00e8re chez The Blockchain Group.<\/p>\n","protected":false},"author":1,"featured_media":0,"parent":2741,"menu_order":84,"comment_status":"closed","ping_status":"closed","template":"page-jobs.php","meta":{"_seopress_robots_primary_cat":"","inline_featured_image":false,"footnotes":""},"class_list":["post-859","page","type-page","status-publish","hentry"],"acf":[],"_links":{"self":[{"href":"https:\/\/dev.theblockchain-group.fr\/fr\/wp-json\/wp\/v2\/pages\/859","targetHints":{"allow":["GET"]}}],"collection":[{"href":"https:\/\/dev.theblockchain-group.fr\/fr\/wp-json\/wp\/v2\/pages"}],"about":[{"href":"https:\/\/dev.theblockchain-group.fr\/fr\/wp-json\/wp\/v2\/types\/page"}],"author":[{"embeddable":true,"href":"https:\/\/dev.theblockchain-group.fr\/fr\/wp-json\/wp\/v2\/users\/1"}],"replies":[{"embeddable":true,"href":"https:\/\/dev.theblockchain-group.fr\/fr\/wp-json\/wp\/v2\/comments?post=859"}],"version-history":[{"count":5,"href":"https:\/\/dev.theblockchain-group.fr\/fr\/wp-json\/wp\/v2\/pages\/859\/revisions"}],"predecessor-version":[{"id":4305,"href":"https:\/\/dev.theblockchain-group.fr\/fr\/wp-json\/wp\/v2\/pages\/859\/revisions\/4305"}],"up":[{"embeddable":true,"href":"https:\/\/dev.theblockchain-group.fr\/fr\/wp-json\/wp\/v2\/pages\/2741"}],"wp:attachment":[{"href":"https:\/\/dev.theblockchain-group.fr\/fr\/wp-json\/wp\/v2\/media?parent=859"}],"curies":[{"name":"wp","href":"https:\/\/api.w.org\/{rel}","templated":true}]}}