{"id":84,"date":"2022-08-10T11:44:04","date_gmt":"2022-08-10T09:44:04","guid":{"rendered":"http:\/\/dev.theblockchain-group.fr\/?page_id=84"},"modified":"2023-05-11T17:51:20","modified_gmt":"2023-05-11T15:51:20","slug":"newsroom","status":"publish","type":"page","link":"https:\/\/dev.theblockchain-group.fr\/fr\/ressources\/newsroom\/","title":{"rendered":"Newsroom"},"content":{"rendered":"<h1 class=\"p1\"><span class=\"s1\">Newsroom<\/span><\/h1>\n<h2 class=\"p1\"><b>The Blockchain Group<\/b><\/h2>\n<p class=\"p1\"><span style=\"font-weight: 400;\">The Blockchain Group est le leader fran\u00e7ais de l\u2019accompagnement et d\u00e9veloppement sur les technologies blockchain. Du conseil \u00e0 ses plateformes SaaS, le groupe aide les entreprises \u00e0 saisir l\u2019ensemble des opportunit\u00e9s que pr\u00e9sentent la blockchain et le web3, sur l\u2019ensemble de sa cha\u00eene de valeur.. <\/span><\/p>\n<p class=\"p1\"><span style=\"font-weight: 400;\">Fond\u00e9 en 2018 par Xavier Latil, The Blockchain Group sert plus de 100 clients partout dans le monde et emploie plus de 280 talents.<\/span><\/p>\n","protected":false},"excerpt":{"rendered":"<p>Newsroom The Blockchain Group The Blockchain Group est le leader fran\u00e7ais de l\u2019accompagnement et d\u00e9veloppement sur les technologies blockchain. Du conseil \u00e0 ses plateformes SaaS, le groupe aide les entreprises \u00e0 saisir l\u2019ensemble des opportunit\u00e9s que pr\u00e9sentent la blockchain et le web3, sur l\u2019ensemble de sa cha\u00eene de valeur.. Fond\u00e9 en 2018 par Xavier Latil, <a class=\"read_more\" href=\"https:\/\/dev.theblockchain-group.fr\/fr\/ressources\/newsroom\/\"> do whatever you want to update<\/a><\/p>\n","protected":false},"author":1,"featured_media":0,"parent":82,"menu_order":78,"comment_status":"closed","ping_status":"closed","template":"page-newsroom.php","meta":{"_seopress_robots_primary_cat":"","inline_featured_image":false,"footnotes":""},"class_list":["post-84","page","type-page","status-publish","hentry"],"acf":[],"_links":{"self":[{"href":"https:\/\/dev.theblockchain-group.fr\/fr\/wp-json\/wp\/v2\/pages\/84","targetHints":{"allow":["GET"]}}],"collection":[{"href":"https:\/\/dev.theblockchain-group.fr\/fr\/wp-json\/wp\/v2\/pages"}],"about":[{"href":"https:\/\/dev.theblockchain-group.fr\/fr\/wp-json\/wp\/v2\/types\/page"}],"author":[{"embeddable":true,"href":"https:\/\/dev.theblockchain-group.fr\/fr\/wp-json\/wp\/v2\/users\/1"}],"replies":[{"embeddable":true,"href":"https:\/\/dev.theblockchain-group.fr\/fr\/wp-json\/wp\/v2\/comments?post=84"}],"version-history":[{"count":18,"href":"https:\/\/dev.theblockchain-group.fr\/fr\/wp-json\/wp\/v2\/pages\/84\/revisions"}],"predecessor-version":[{"id":2784,"href":"https:\/\/dev.theblockchain-group.fr\/fr\/wp-json\/wp\/v2\/pages\/84\/revisions\/2784"}],"up":[{"embeddable":true,"href":"https:\/\/dev.theblockchain-group.fr\/fr\/wp-json\/wp\/v2\/pages\/82"}],"wp:attachment":[{"href":"https:\/\/dev.theblockchain-group.fr\/fr\/wp-json\/wp\/v2\/media?parent=84"}],"curies":[{"name":"wp","href":"https:\/\/api.w.org\/{rel}","templated":true}]}}