{"id":69,"date":"2022-08-10T11:37:37","date_gmt":"2022-08-10T09:37:37","guid":{"rendered":"http:\/\/dev.theblockchain-group.fr\/?page_id=69"},"modified":"2023-05-10T11:28:41","modified_gmt":"2023-05-10T09:28:41","slug":"informations-publications-financieres","status":"publish","type":"page","link":"https:\/\/dev.theblockchain-group.fr\/fr\/investisseurs\/informations-publications-financieres\/","title":{"rendered":"Informations et publications financi\u00e8res"},"content":{"rendered":"<h1 class=\"h1 article-title__title aos-init aos-animate\" data-aos=\"fade-up\" data-aos-delay=\"300\" data-aos-easing=\"ease\"><strong>Publications financi\u00e8res et informations r\u00e9glement\u00e9es The Blockchain Group<\/strong><\/h1>\n<p>Vous trouverez sur cette page les publications financi\u00e8res de The Blockchain Group, notamment l&rsquo;information r\u00e9glement\u00e9e par les directives de l&rsquo;Autorit\u00e9 des March\u00e9s Financiers : <em><span style=\"font-weight: 400;\">c<\/span><span style=\"font-weight: 400;\">ommuniqu\u00e9s de presse, d<\/span><span style=\"font-weight: 400;\">onn\u00e9es semestrielles et annuelles, r<\/span><span style=\"font-weight: 400;\">\u00e9sultats et rapports financiers, etc&#8230;\u00a0<\/span><\/em><\/p>\n","protected":false},"excerpt":{"rendered":"<p>Publications financi\u00e8res et informations r\u00e9glement\u00e9es The Blockchain Group Vous trouverez sur cette page les publications financi\u00e8res de The Blockchain Group, notamment l&rsquo;information r\u00e9glement\u00e9e par les directives de l&rsquo;Autorit\u00e9 des March\u00e9s Financiers : communiqu\u00e9s de presse, donn\u00e9es semestrielles et annuelles, r\u00e9sultats et rapports financiers, etc&#8230;\u00a0<\/p>\n","protected":false},"author":1,"featured_media":0,"parent":4046,"menu_order":46,"comment_status":"closed","ping_status":"closed","template":"page-infos.php","meta":{"_seopress_robots_primary_cat":"","inline_featured_image":false,"footnotes":""},"class_list":["post-69","page","type-page","status-publish","hentry"],"acf":[],"_links":{"self":[{"href":"https:\/\/dev.theblockchain-group.fr\/fr\/wp-json\/wp\/v2\/pages\/69","targetHints":{"allow":["GET"]}}],"collection":[{"href":"https:\/\/dev.theblockchain-group.fr\/fr\/wp-json\/wp\/v2\/pages"}],"about":[{"href":"https:\/\/dev.theblockchain-group.fr\/fr\/wp-json\/wp\/v2\/types\/page"}],"author":[{"embeddable":true,"href":"https:\/\/dev.theblockchain-group.fr\/fr\/wp-json\/wp\/v2\/users\/1"}],"replies":[{"embeddable":true,"href":"https:\/\/dev.theblockchain-group.fr\/fr\/wp-json\/wp\/v2\/comments?post=69"}],"version-history":[{"count":12,"href":"https:\/\/dev.theblockchain-group.fr\/fr\/wp-json\/wp\/v2\/pages\/69\/revisions"}],"predecessor-version":[{"id":4734,"href":"https:\/\/dev.theblockchain-group.fr\/fr\/wp-json\/wp\/v2\/pages\/69\/revisions\/4734"}],"up":[{"embeddable":true,"href":"https:\/\/dev.theblockchain-group.fr\/fr\/wp-json\/wp\/v2\/pages\/4046"}],"wp:attachment":[{"href":"https:\/\/dev.theblockchain-group.fr\/fr\/wp-json\/wp\/v2\/media?parent=69"}],"curies":[{"name":"wp","href":"https:\/\/api.w.org\/{rel}","templated":true}]}}