{"id":636,"date":"2022-09-15T14:54:03","date_gmt":"2022-09-15T12:54:03","guid":{"rendered":"http:\/\/dev.theblockchain-group.fr\/?page_id=636"},"modified":"2023-07-10T17:58:45","modified_gmt":"2023-07-10T15:58:45","slug":"the-blockchain-camp","status":"publish","type":"page","link":"https:\/\/dev.theblockchain-group.fr\/fr\/le-groupe\/notre-ecosysteme-innovation\/the-blockchain-camp\/","title":{"rendered":"The Blockchain Camp"},"content":{"rendered":"<p>Lanc\u00e9 en septembre 2021, The Blockchain Camp est un campus hybride d\u2019un nouveau genre d\u00e9di\u00e9 \u00e0 l\u2019exp\u00e9rimentation, l\u2019innovation, la formation, en bref l\u2019acc\u00e9l\u00e9ration autour des deeptech.<\/p>\n","protected":false},"excerpt":{"rendered":"<p>Lanc\u00e9 en septembre 2021, The Blockchain Camp est un campus hybride d\u2019un nouveau genre d\u00e9di\u00e9 \u00e0 l\u2019exp\u00e9rimentation, l\u2019innovation, la formation, en bref l\u2019acc\u00e9l\u00e9ration autour des deeptech.<\/p>\n","protected":false},"author":1,"featured_media":0,"parent":600,"menu_order":31,"comment_status":"closed","ping_status":"closed","template":"","meta":{"_seopress_robots_primary_cat":"","inline_featured_image":false,"footnotes":""},"class_list":["post-636","page","type-page","status-publish","hentry"],"acf":[],"_links":{"self":[{"href":"https:\/\/dev.theblockchain-group.fr\/fr\/wp-json\/wp\/v2\/pages\/636","targetHints":{"allow":["GET"]}}],"collection":[{"href":"https:\/\/dev.theblockchain-group.fr\/fr\/wp-json\/wp\/v2\/pages"}],"about":[{"href":"https:\/\/dev.theblockchain-group.fr\/fr\/wp-json\/wp\/v2\/types\/page"}],"author":[{"embeddable":true,"href":"https:\/\/dev.theblockchain-group.fr\/fr\/wp-json\/wp\/v2\/users\/1"}],"replies":[{"embeddable":true,"href":"https:\/\/dev.theblockchain-group.fr\/fr\/wp-json\/wp\/v2\/comments?post=636"}],"version-history":[{"count":54,"href":"https:\/\/dev.theblockchain-group.fr\/fr\/wp-json\/wp\/v2\/pages\/636\/revisions"}],"predecessor-version":[{"id":4981,"href":"https:\/\/dev.theblockchain-group.fr\/fr\/wp-json\/wp\/v2\/pages\/636\/revisions\/4981"}],"up":[{"embeddable":true,"href":"https:\/\/dev.theblockchain-group.fr\/fr\/wp-json\/wp\/v2\/pages\/600"}],"wp:attachment":[{"href":"https:\/\/dev.theblockchain-group.fr\/fr\/wp-json\/wp\/v2\/media?parent=636"}],"curies":[{"name":"wp","href":"https:\/\/api.w.org\/{rel}","templated":true}]}}