{"id":4046,"date":"2023-04-07T17:28:04","date_gmt":"2023-04-07T15:28:04","guid":{"rendered":"http:\/\/dev.theblockchain-group.fr\/?page_id=4046"},"modified":"2023-04-20T18:36:54","modified_gmt":"2023-04-20T16:36:54","slug":"investisseurs","status":"publish","type":"page","link":"https:\/\/dev.theblockchain-group.fr\/fr\/investisseurs\/","title":{"rendered":"Investisseurs"},"content":{"rendered":"<p>The Blockchain Group est un acteur cl\u00e9 de l&rsquo;industrie Blockchain et Deeptech en France et \u00e0 l&rsquo;international, dont les actions sont cot\u00e9es \u00e0 la bourse d&rsquo;Euronext Growth Paris. <strong>Le Groupe poursuit son d\u00e9veloppement pour r\u00e9pondre aux enjeux de ses clients et accorde toute son attention \u00e0 ses investisseurs et actionnaires.<\/strong><\/p>\n","protected":false},"excerpt":{"rendered":"<p>The Blockchain Group est un acteur cl\u00e9 de l&rsquo;industrie Blockchain et Deeptech en France et \u00e0 l&rsquo;international, dont les actions sont cot\u00e9es \u00e0 la bourse d&rsquo;Euronext Growth Paris. Le Groupe poursuit son d\u00e9veloppement pour r\u00e9pondre aux enjeux de ses clients et accorde toute son attention \u00e0 ses investisseurs et actionnaires.<\/p>\n","protected":false},"author":2,"featured_media":0,"parent":0,"menu_order":44,"comment_status":"closed","ping_status":"closed","template":"","meta":{"_seopress_robots_primary_cat":"","inline_featured_image":false,"footnotes":""},"class_list":["post-4046","page","type-page","status-publish","hentry"],"acf":[],"_links":{"self":[{"href":"https:\/\/dev.theblockchain-group.fr\/fr\/wp-json\/wp\/v2\/pages\/4046","targetHints":{"allow":["GET"]}}],"collection":[{"href":"https:\/\/dev.theblockchain-group.fr\/fr\/wp-json\/wp\/v2\/pages"}],"about":[{"href":"https:\/\/dev.theblockchain-group.fr\/fr\/wp-json\/wp\/v2\/types\/page"}],"author":[{"embeddable":true,"href":"https:\/\/dev.theblockchain-group.fr\/fr\/wp-json\/wp\/v2\/users\/2"}],"replies":[{"embeddable":true,"href":"https:\/\/dev.theblockchain-group.fr\/fr\/wp-json\/wp\/v2\/comments?post=4046"}],"version-history":[{"count":74,"href":"https:\/\/dev.theblockchain-group.fr\/fr\/wp-json\/wp\/v2\/pages\/4046\/revisions"}],"predecessor-version":[{"id":4297,"href":"https:\/\/dev.theblockchain-group.fr\/fr\/wp-json\/wp\/v2\/pages\/4046\/revisions\/4297"}],"wp:attachment":[{"href":"https:\/\/dev.theblockchain-group.fr\/fr\/wp-json\/wp\/v2\/media?parent=4046"}],"curies":[{"name":"wp","href":"https:\/\/api.w.org\/{rel}","templated":true}]}}