{"id":3067,"date":"2023-03-16T14:14:41","date_gmt":"2023-03-16T13:14:41","guid":{"rendered":"http:\/\/dev.theblockchain-group.fr\/?page_id=3067"},"modified":"2023-04-28T16:34:02","modified_gmt":"2023-04-28T14:34:02","slug":"blockchain","status":"publish","type":"page","link":"https:\/\/dev.theblockchain-group.fr\/fr\/expertises\/blockchain\/","title":{"rendered":"Blockchain"},"content":{"rendered":"<h1><strong>La Blockchain, une technologie disruptive.<\/strong><\/h1>\n<p>En tant que premier fournisseur fran\u00e7ais de technologie blockchain, nos \u00e9quipes chez The Blockchain Group accompagnent les projets technologiques des entreprises fran\u00e7aises et internationales.<\/p>\n","protected":false},"excerpt":{"rendered":"<p>La Blockchain, une technologie disruptive. En tant que premier fournisseur fran\u00e7ais de technologie blockchain, nos \u00e9quipes chez The Blockchain Group accompagnent les projets technologiques des entreprises fran\u00e7aises et internationales.<\/p>\n","protected":false},"author":2,"featured_media":0,"parent":27,"menu_order":56,"comment_status":"closed","ping_status":"closed","template":"","meta":{"_seopress_robots_primary_cat":"","inline_featured_image":false,"footnotes":""},"class_list":["post-3067","page","type-page","status-publish","hentry"],"acf":[],"_links":{"self":[{"href":"https:\/\/dev.theblockchain-group.fr\/fr\/wp-json\/wp\/v2\/pages\/3067","targetHints":{"allow":["GET"]}}],"collection":[{"href":"https:\/\/dev.theblockchain-group.fr\/fr\/wp-json\/wp\/v2\/pages"}],"about":[{"href":"https:\/\/dev.theblockchain-group.fr\/fr\/wp-json\/wp\/v2\/types\/page"}],"author":[{"embeddable":true,"href":"https:\/\/dev.theblockchain-group.fr\/fr\/wp-json\/wp\/v2\/users\/2"}],"replies":[{"embeddable":true,"href":"https:\/\/dev.theblockchain-group.fr\/fr\/wp-json\/wp\/v2\/comments?post=3067"}],"version-history":[{"count":108,"href":"https:\/\/dev.theblockchain-group.fr\/fr\/wp-json\/wp\/v2\/pages\/3067\/revisions"}],"predecessor-version":[{"id":4524,"href":"https:\/\/dev.theblockchain-group.fr\/fr\/wp-json\/wp\/v2\/pages\/3067\/revisions\/4524"}],"up":[{"embeddable":true,"href":"https:\/\/dev.theblockchain-group.fr\/fr\/wp-json\/wp\/v2\/pages\/27"}],"wp:attachment":[{"href":"https:\/\/dev.theblockchain-group.fr\/fr\/wp-json\/wp\/v2\/media?parent=3067"}],"curies":[{"name":"wp","href":"https:\/\/api.w.org\/{rel}","templated":true}]}}