{"id":29,"date":"2022-08-10T11:32:19","date_gmt":"2022-08-10T09:32:19","guid":{"rendered":"http:\/\/dev.theblockchain-group.fr\/?page_id=29"},"modified":"2023-04-28T15:58:36","modified_gmt":"2023-04-28T13:58:36","slug":"web3","status":"publish","type":"page","link":"https:\/\/dev.theblockchain-group.fr\/fr\/expertises\/web3\/","title":{"rendered":"Web3"},"content":{"rendered":"<h1><strong>Le Web3, une vraie r\u00e9volution pour tous.<\/strong><\/h1>\n<p><span style=\"font-weight: 400;\">Chez The Blockchain Group, nos \u00e9quipes vous accompagnent dans tous vos projets Web3, <\/span><span style=\"font-weight: 400;\">\u00e0 repenser vos <\/span><span style=\"font-weight: 400;\">propositions de valeur (exp\u00e9riences et services), vos business models, ainsi que la gouvernance de vos organisations.<\/span><\/p>\n","protected":false},"excerpt":{"rendered":"<p>Le Web3, une vraie r\u00e9volution pour tous. Chez The Blockchain Group, nos \u00e9quipes vous accompagnent dans tous vos projets Web3, \u00e0 repenser vos propositions de valeur (exp\u00e9riences et services), vos business models, ainsi que la gouvernance de vos organisations.<\/p>\n","protected":false},"author":1,"featured_media":0,"parent":27,"menu_order":54,"comment_status":"closed","ping_status":"closed","template":"","meta":{"_seopress_robots_primary_cat":"","inline_featured_image":false,"footnotes":""},"class_list":["post-29","page","type-page","status-publish","hentry"],"acf":[],"_links":{"self":[{"href":"https:\/\/dev.theblockchain-group.fr\/fr\/wp-json\/wp\/v2\/pages\/29","targetHints":{"allow":["GET"]}}],"collection":[{"href":"https:\/\/dev.theblockchain-group.fr\/fr\/wp-json\/wp\/v2\/pages"}],"about":[{"href":"https:\/\/dev.theblockchain-group.fr\/fr\/wp-json\/wp\/v2\/types\/page"}],"author":[{"embeddable":true,"href":"https:\/\/dev.theblockchain-group.fr\/fr\/wp-json\/wp\/v2\/users\/1"}],"replies":[{"embeddable":true,"href":"https:\/\/dev.theblockchain-group.fr\/fr\/wp-json\/wp\/v2\/comments?post=29"}],"version-history":[{"count":95,"href":"https:\/\/dev.theblockchain-group.fr\/fr\/wp-json\/wp\/v2\/pages\/29\/revisions"}],"predecessor-version":[{"id":4609,"href":"https:\/\/dev.theblockchain-group.fr\/fr\/wp-json\/wp\/v2\/pages\/29\/revisions\/4609"}],"up":[{"embeddable":true,"href":"https:\/\/dev.theblockchain-group.fr\/fr\/wp-json\/wp\/v2\/pages\/27"}],"wp:attachment":[{"href":"https:\/\/dev.theblockchain-group.fr\/fr\/wp-json\/wp\/v2\/media?parent=29"}],"curies":[{"name":"wp","href":"https:\/\/api.w.org\/{rel}","templated":true}]}}