{"id":27,"date":"2022-08-10T11:31:09","date_gmt":"2022-08-10T09:31:09","guid":{"rendered":"http:\/\/dev.theblockchain-group.fr\/?page_id=27"},"modified":"2023-05-11T16:37:19","modified_gmt":"2023-05-11T14:37:19","slug":"expertises","status":"publish","type":"page","link":"https:\/\/dev.theblockchain-group.fr\/fr\/expertises\/","title":{"rendered":"Expertises"},"content":{"rendered":"<h1 class=\"p1\"><span class=\"s1\">Nos Expertises<\/span><\/h1>\n<p><span style=\"font-weight: 400;\">The Blockchain Group offre la gamme la plus compl\u00e8te de services de blockchain et de transformation num\u00e9rique du march\u00e9 en Europe, allant du consulting au d\u00e9veloppement.<\/span><\/p>\n<p><span style=\"font-weight: 400;\">Nous adressons non seulement la totalit\u00e9 des projets Web3, Web2, BI et Data, mais aussi un ensemble de m\u00e9tiers, m\u00eame non techniques.<\/span><\/p>\n","protected":false},"excerpt":{"rendered":"<p>Nos Expertises The Blockchain Group offre la gamme la plus compl\u00e8te de services de blockchain et de transformation num\u00e9rique du march\u00e9 en Europe, allant du consulting au d\u00e9veloppement. Nous adressons non seulement la totalit\u00e9 des projets Web3, Web2, BI et Data, mais aussi un ensemble de m\u00e9tiers, m\u00eame non techniques.<\/p>\n","protected":false},"author":1,"featured_media":0,"parent":0,"menu_order":52,"comment_status":"closed","ping_status":"closed","template":"page-expertises.php","meta":{"_seopress_robots_primary_cat":"","inline_featured_image":false,"footnotes":""},"class_list":["post-27","page","type-page","status-publish","hentry"],"acf":[],"_links":{"self":[{"href":"https:\/\/dev.theblockchain-group.fr\/fr\/wp-json\/wp\/v2\/pages\/27","targetHints":{"allow":["GET"]}}],"collection":[{"href":"https:\/\/dev.theblockchain-group.fr\/fr\/wp-json\/wp\/v2\/pages"}],"about":[{"href":"https:\/\/dev.theblockchain-group.fr\/fr\/wp-json\/wp\/v2\/types\/page"}],"author":[{"embeddable":true,"href":"https:\/\/dev.theblockchain-group.fr\/fr\/wp-json\/wp\/v2\/users\/1"}],"replies":[{"embeddable":true,"href":"https:\/\/dev.theblockchain-group.fr\/fr\/wp-json\/wp\/v2\/comments?post=27"}],"version-history":[{"count":7,"href":"https:\/\/dev.theblockchain-group.fr\/fr\/wp-json\/wp\/v2\/pages\/27\/revisions"}],"predecessor-version":[{"id":4861,"href":"https:\/\/dev.theblockchain-group.fr\/fr\/wp-json\/wp\/v2\/pages\/27\/revisions\/4861"}],"wp:attachment":[{"href":"https:\/\/dev.theblockchain-group.fr\/fr\/wp-json\/wp\/v2\/media?parent=27"}],"curies":[{"name":"wp","href":"https:\/\/api.w.org\/{rel}","templated":true}]}}