{"id":23,"date":"2022-08-10T11:30:20","date_gmt":"2022-08-10T09:30:20","guid":{"rendered":"http:\/\/dev.theblockchain-group.fr\/?page_id=23"},"modified":"2023-05-02T15:40:41","modified_gmt":"2023-05-02T13:40:41","slug":"nos-bureaux","status":"publish","type":"page","link":"https:\/\/dev.theblockchain-group.fr\/fr\/le-groupe\/nos-bureaux\/","title":{"rendered":"Nos bureaux"},"content":{"rendered":"<h1 class=\"p1\"><span style=\"font-weight: 400;\">The Blockchain Group dans le monde.<\/span><\/h1>\n<p>Avec des implantations en France, en Europe, en Asie et en Am\u00e9rique du Nord, The Blockchain Group est l&rsquo;un des leaders europ\u00e9ens des services num\u00e9riques et d\u00e9veloppement blockchain. Nos experts interviennent au plus pr\u00e8s de vos \u00e9quipes pour embarquer et copiloter vos projets technologiques.<\/p>\n","protected":false},"excerpt":{"rendered":"<p>The Blockchain Group dans le monde. Avec des implantations en France, en Europe, en Asie et en Am\u00e9rique du Nord, The Blockchain Group est l&rsquo;un des leaders europ\u00e9ens des services num\u00e9riques et d\u00e9veloppement blockchain. Nos experts interviennent au plus pr\u00e8s de vos \u00e9quipes pour embarquer et copiloter vos projets technologiques.<\/p>\n","protected":false},"author":1,"featured_media":4422,"parent":13,"menu_order":40,"comment_status":"closed","ping_status":"closed","template":"page-bureaux.php","meta":{"_seopress_robots_primary_cat":"","inline_featured_image":false,"footnotes":""},"class_list":["post-23","page","type-page","status-publish","has-post-thumbnail","hentry"],"acf":[],"_links":{"self":[{"href":"https:\/\/dev.theblockchain-group.fr\/fr\/wp-json\/wp\/v2\/pages\/23","targetHints":{"allow":["GET"]}}],"collection":[{"href":"https:\/\/dev.theblockchain-group.fr\/fr\/wp-json\/wp\/v2\/pages"}],"about":[{"href":"https:\/\/dev.theblockchain-group.fr\/fr\/wp-json\/wp\/v2\/types\/page"}],"author":[{"embeddable":true,"href":"https:\/\/dev.theblockchain-group.fr\/fr\/wp-json\/wp\/v2\/users\/1"}],"replies":[{"embeddable":true,"href":"https:\/\/dev.theblockchain-group.fr\/fr\/wp-json\/wp\/v2\/comments?post=23"}],"version-history":[{"count":29,"href":"https:\/\/dev.theblockchain-group.fr\/fr\/wp-json\/wp\/v2\/pages\/23\/revisions"}],"predecessor-version":[{"id":4711,"href":"https:\/\/dev.theblockchain-group.fr\/fr\/wp-json\/wp\/v2\/pages\/23\/revisions\/4711"}],"up":[{"embeddable":true,"href":"https:\/\/dev.theblockchain-group.fr\/fr\/wp-json\/wp\/v2\/pages\/13"}],"wp:featuredmedia":[{"embeddable":true,"href":"https:\/\/dev.theblockchain-group.fr\/fr\/wp-json\/wp\/v2\/media\/4422"}],"wp:attachment":[{"href":"https:\/\/dev.theblockchain-group.fr\/fr\/wp-json\/wp\/v2\/media?parent=23"}],"curies":[{"name":"wp","href":"https:\/\/api.w.org\/{rel}","templated":true}]}}