{"id":21,"date":"2022-08-10T11:30:10","date_gmt":"2022-08-10T09:30:10","guid":{"rendered":"http:\/\/dev.theblockchain-group.fr\/?page_id=21"},"modified":"2023-04-24T17:08:18","modified_gmt":"2023-04-24T15:08:18","slug":"partenariats-et-alliances","status":"publish","type":"page","link":"https:\/\/dev.theblockchain-group.fr\/fr\/le-groupe\/notre-ecosysteme-innovation\/partenariats-et-alliances\/","title":{"rendered":"Partenariats et Alliances"},"content":{"rendered":"<p>Chez The Blockchain Group, nous menons des projets en co-innovation avec nos partenaires pour anticiper les besoins futurs de nos clients.<\/p>\n<p>Nous avons constitu\u00e9 un \u00e9cosyst\u00e8me de partenaires s\u00e9lectionn\u00e9s pour leur potentiel, savoir-faire, valeur ajout\u00e9e et leur technologie compl\u00e9mentaire pour <strong>rendre les projets Blockchain, IT, Data et digitaux plus simples, plus rapides et plus percutants.<\/strong><\/p>\n","protected":false},"excerpt":{"rendered":"<p>Chez The Blockchain Group, nous menons des projets en co-innovation avec nos partenaires pour anticiper les besoins futurs de nos clients. Nous avons constitu\u00e9 un \u00e9cosyst\u00e8me de partenaires s\u00e9lectionn\u00e9s pour leur potentiel, savoir-faire, valeur ajout\u00e9e et leur technologie compl\u00e9mentaire pour rendre les projets Blockchain, IT, Data et digitaux plus simples, plus rapides et plus percutants.<\/p>\n","protected":false},"author":1,"featured_media":0,"parent":600,"menu_order":35,"comment_status":"closed","ping_status":"closed","template":"","meta":{"_seopress_robots_primary_cat":"","inline_featured_image":false,"footnotes":""},"class_list":["post-21","page","type-page","status-publish","hentry"],"acf":[],"_links":{"self":[{"href":"https:\/\/dev.theblockchain-group.fr\/fr\/wp-json\/wp\/v2\/pages\/21","targetHints":{"allow":["GET"]}}],"collection":[{"href":"https:\/\/dev.theblockchain-group.fr\/fr\/wp-json\/wp\/v2\/pages"}],"about":[{"href":"https:\/\/dev.theblockchain-group.fr\/fr\/wp-json\/wp\/v2\/types\/page"}],"author":[{"embeddable":true,"href":"https:\/\/dev.theblockchain-group.fr\/fr\/wp-json\/wp\/v2\/users\/1"}],"replies":[{"embeddable":true,"href":"https:\/\/dev.theblockchain-group.fr\/fr\/wp-json\/wp\/v2\/comments?post=21"}],"version-history":[{"count":29,"href":"https:\/\/dev.theblockchain-group.fr\/fr\/wp-json\/wp\/v2\/pages\/21\/revisions"}],"predecessor-version":[{"id":4411,"href":"https:\/\/dev.theblockchain-group.fr\/fr\/wp-json\/wp\/v2\/pages\/21\/revisions\/4411"}],"up":[{"embeddable":true,"href":"https:\/\/dev.theblockchain-group.fr\/fr\/wp-json\/wp\/v2\/pages\/600"}],"wp:attachment":[{"href":"https:\/\/dev.theblockchain-group.fr\/fr\/wp-json\/wp\/v2\/media?parent=21"}],"curies":[{"name":"wp","href":"https:\/\/api.w.org\/{rel}","templated":true}]}}