{"id":15,"date":"2022-09-16T11:29:32","date_gmt":"2022-09-16T09:29:32","guid":{"rendered":"http:\/\/dev.theblockchain-group.fr\/?page_id=15"},"modified":"2023-05-11T17:25:16","modified_gmt":"2023-05-11T15:25:16","slug":"a-propos","status":"publish","type":"page","link":"https:\/\/dev.theblockchain-group.fr\/fr\/le-groupe\/a-propos\/","title":{"rendered":"\u00c0 propos"},"content":{"rendered":"<h1 class=\"p1\"><strong>\u00c0 propos de The Blockchain Group<\/strong><\/h1>\n<p>Fond\u00e9 en 2018 par Xavier Latil, The Blockchain Group est le <strong>leader fran\u00e7ais du conseil et d\u00e9veloppement blockchain et deeptech<\/strong> au service des entreprises.<\/p>\n","protected":false},"excerpt":{"rendered":"<p>\u00c0 propos de The Blockchain Group Fond\u00e9 en 2018 par Xavier Latil, The Blockchain Group est le leader fran\u00e7ais du conseil et d\u00e9veloppement blockchain et deeptech au service des entreprises.<\/p>\n","protected":false},"author":1,"featured_media":0,"parent":13,"menu_order":9,"comment_status":"closed","ping_status":"closed","template":"","meta":{"_seopress_robots_primary_cat":"","inline_featured_image":false,"footnotes":""},"class_list":["post-15","page","type-page","status-publish","hentry"],"acf":[],"_links":{"self":[{"href":"https:\/\/dev.theblockchain-group.fr\/fr\/wp-json\/wp\/v2\/pages\/15","targetHints":{"allow":["GET"]}}],"collection":[{"href":"https:\/\/dev.theblockchain-group.fr\/fr\/wp-json\/wp\/v2\/pages"}],"about":[{"href":"https:\/\/dev.theblockchain-group.fr\/fr\/wp-json\/wp\/v2\/types\/page"}],"author":[{"embeddable":true,"href":"https:\/\/dev.theblockchain-group.fr\/fr\/wp-json\/wp\/v2\/users\/1"}],"replies":[{"embeddable":true,"href":"https:\/\/dev.theblockchain-group.fr\/fr\/wp-json\/wp\/v2\/comments?post=15"}],"version-history":[{"count":128,"href":"https:\/\/dev.theblockchain-group.fr\/fr\/wp-json\/wp\/v2\/pages\/15\/revisions"}],"predecessor-version":[{"id":4865,"href":"https:\/\/dev.theblockchain-group.fr\/fr\/wp-json\/wp\/v2\/pages\/15\/revisions\/4865"}],"up":[{"embeddable":true,"href":"https:\/\/dev.theblockchain-group.fr\/fr\/wp-json\/wp\/v2\/pages\/13"}],"wp:attachment":[{"href":"https:\/\/dev.theblockchain-group.fr\/fr\/wp-json\/wp\/v2\/media?parent=15"}],"curies":[{"name":"wp","href":"https:\/\/api.w.org\/{rel}","templated":true}]}}