{"id":3657,"date":"2023-03-22T17:51:36","date_gmt":"2023-03-22T16:51:36","guid":{"rendered":"http:\/\/dev.theblockchain-group.fr\/?page_id=3657"},"modified":"2023-04-28T16:34:24","modified_gmt":"2023-04-28T14:34:24","slug":"conseil-et-formation","status":"publish","type":"page","link":"http:\/\/dev.theblockchain-group.fr\/fr\/expertises\/conseil-et-formation\/","title":{"rendered":"Conseil et formation"},"content":{"rendered":"<h1>Conseil et formation aux entreprises<\/h1>\n<p>Nos sp\u00e9cialistes du conseil et de la formation en strat\u00e9gie, organisation et d\u00e9veloppement des comp\u00e9tences vous accompagnent dans vos \u00e9volutions strat\u00e9giques.<\/p>\n","protected":false},"excerpt":{"rendered":"<p>Conseil et formation aux entreprises Nos sp\u00e9cialistes du conseil et de la formation en strat\u00e9gie, organisation et d\u00e9veloppement des comp\u00e9tences vous accompagnent dans vos \u00e9volutions strat\u00e9giques.<\/p>\n","protected":false},"author":2,"featured_media":0,"parent":27,"menu_order":62,"comment_status":"closed","ping_status":"closed","template":"","meta":{"_seopress_robots_primary_cat":"","inline_featured_image":false,"footnotes":""},"class_list":["post-3657","page","type-page","status-publish","hentry"],"acf":[],"_links":{"self":[{"href":"http:\/\/dev.theblockchain-group.fr\/fr\/wp-json\/wp\/v2\/pages\/3657","targetHints":{"allow":["GET"]}}],"collection":[{"href":"http:\/\/dev.theblockchain-group.fr\/fr\/wp-json\/wp\/v2\/pages"}],"about":[{"href":"http:\/\/dev.theblockchain-group.fr\/fr\/wp-json\/wp\/v2\/types\/page"}],"author":[{"embeddable":true,"href":"http:\/\/dev.theblockchain-group.fr\/fr\/wp-json\/wp\/v2\/users\/2"}],"replies":[{"embeddable":true,"href":"http:\/\/dev.theblockchain-group.fr\/fr\/wp-json\/wp\/v2\/comments?post=3657"}],"version-history":[{"count":5,"href":"http:\/\/dev.theblockchain-group.fr\/fr\/wp-json\/wp\/v2\/pages\/3657\/revisions"}],"predecessor-version":[{"id":4547,"href":"http:\/\/dev.theblockchain-group.fr\/fr\/wp-json\/wp\/v2\/pages\/3657\/revisions\/4547"}],"up":[{"embeddable":true,"href":"http:\/\/dev.theblockchain-group.fr\/fr\/wp-json\/wp\/v2\/pages\/27"}],"wp:attachment":[{"href":"http:\/\/dev.theblockchain-group.fr\/fr\/wp-json\/wp\/v2\/media?parent=3657"}],"curies":[{"name":"wp","href":"https:\/\/api.w.org\/{rel}","templated":true}]}}