{"id":3571,"date":"2023-03-22T17:19:57","date_gmt":"2023-03-22T16:19:57","guid":{"rendered":"http:\/\/dev.theblockchain-group.fr\/?page_id=3571"},"modified":"2023-04-28T16:34:32","modified_gmt":"2023-04-28T14:34:32","slug":"b2b-growth-marketing","status":"publish","type":"page","link":"http:\/\/dev.theblockchain-group.fr\/fr\/expertises\/b2b-growth-marketing\/","title":{"rendered":"B2B Growth Marketing"},"content":{"rendered":"<h1>Le Growth Marketing pour les entreprises Tech\/B2B<\/h1>\n<p>Notre filiale S2M, agence en marketing digital internationale, offre aux entreprises B2B de la tech des strat\u00e9gies d\u00e9taill\u00e9es, des services de marketing et de croissance pour r\u00e9pondre \u00e0 leurs besoins actuels et futurs.<\/p>\n","protected":false},"excerpt":{"rendered":"<p>Le Growth Marketing pour les entreprises Tech\/B2B Notre filiale S2M, agence en marketing digital internationale, offre aux entreprises B2B de la tech des strat\u00e9gies d\u00e9taill\u00e9es, des services de marketing et de croissance pour r\u00e9pondre \u00e0 leurs besoins actuels et futurs.<\/p>\n","protected":false},"author":2,"featured_media":0,"parent":27,"menu_order":63,"comment_status":"closed","ping_status":"closed","template":"","meta":{"_seopress_robots_primary_cat":"","inline_featured_image":false,"footnotes":""},"class_list":["post-3571","page","type-page","status-publish","hentry"],"acf":[],"_links":{"self":[{"href":"http:\/\/dev.theblockchain-group.fr\/fr\/wp-json\/wp\/v2\/pages\/3571","targetHints":{"allow":["GET"]}}],"collection":[{"href":"http:\/\/dev.theblockchain-group.fr\/fr\/wp-json\/wp\/v2\/pages"}],"about":[{"href":"http:\/\/dev.theblockchain-group.fr\/fr\/wp-json\/wp\/v2\/types\/page"}],"author":[{"embeddable":true,"href":"http:\/\/dev.theblockchain-group.fr\/fr\/wp-json\/wp\/v2\/users\/2"}],"replies":[{"embeddable":true,"href":"http:\/\/dev.theblockchain-group.fr\/fr\/wp-json\/wp\/v2\/comments?post=3571"}],"version-history":[{"count":46,"href":"http:\/\/dev.theblockchain-group.fr\/fr\/wp-json\/wp\/v2\/pages\/3571\/revisions"}],"predecessor-version":[{"id":4542,"href":"http:\/\/dev.theblockchain-group.fr\/fr\/wp-json\/wp\/v2\/pages\/3571\/revisions\/4542"}],"up":[{"embeddable":true,"href":"http:\/\/dev.theblockchain-group.fr\/fr\/wp-json\/wp\/v2\/pages\/27"}],"wp:attachment":[{"href":"http:\/\/dev.theblockchain-group.fr\/fr\/wp-json\/wp\/v2\/media?parent=3571"}],"curies":[{"name":"wp","href":"https:\/\/api.w.org\/{rel}","templated":true}]}}